{"id":883,"date":"2019-03-28T18:41:04","date_gmt":"2019-03-28T21:41:04","guid":{"rendered":"http:\/\/sanrafaelbureau.com\/?page_id=883"},"modified":"2019-04-22T14:50:06","modified_gmt":"2019-04-22T17:50:06","slug":"centro-de-congresos","status":"publish","type":"page","link":"https:\/\/sanrafaelbureau.com\/index.php\/centro-de-congresos\/","title":{"rendered":"Centro de Congresos"},"content":{"rendered":"\t\t<div data-elementor-type=\"wp-post\" data-elementor-id=\"883\" class=\"elementor elementor-883\" data-elementor-settings=\"[]\">\n\t\t\t\t\t\t<div class=\"elementor-inner\">\n\t\t\t\t\t\t\t<div class=\"elementor-section-wrap\">\n\t\t\t\t\t\t\t<section class=\"elementor-section elementor-top-section elementor-element elementor-element-0f13f33 elementor-section-stretched elementor-section-full_width elementor-section-height-default elementor-section-height-default\" data-id=\"0f13f33\" data-element_type=\"section\" data-settings=\"{&quot;stretch_section&quot;:&quot;section-stretched&quot;}\">\n\t\t\t\t\t\t<div class=\"elementor-container elementor-column-gap-default\">\n\t\t\t\t\t\t\t<div class=\"elementor-row\">\n\t\t\t\t\t<div class=\"elementor-column elementor-col-100 elementor-top-column elementor-element elementor-element-5422c71\" data-id=\"5422c71\" data-element_type=\"column\">\n\t\t\t<div class=\"elementor-column-wrap elementor-element-populated\">\n\t\t\t\t\t\t\t<div class=\"elementor-widget-wrap\">\n\t\t\t\t\t\t<div class=\"elementor-element elementor-element-a0c6e5f elementor-widget elementor-widget-heading\" data-id=\"a0c6e5f\" data-element_type=\"widget\" data-widget_type=\"heading.default\">\n\t\t\t\t<div class=\"elementor-widget-container\">\n\t\t\t<h2 class=\"elementor-heading-title elementor-size-default\">.<\/h2>\t\t<\/div>\n\t\t\t\t<\/div>\n\t\t\t\t\t\t<\/div>\n\t\t\t\t\t<\/div>\n\t\t<\/div>\n\t\t\t\t\t\t\t\t<\/div>\n\t\t\t\t\t<\/div>\n\t\t<\/section>\n\t\t\t\t<section class=\"elementor-section elementor-top-section elementor-element elementor-element-d38501f elementor-section-boxed elementor-section-height-default elementor-section-height-default\" data-id=\"d38501f\" data-element_type=\"section\">\n\t\t\t\t\t\t<div class=\"elementor-container elementor-column-gap-default\">\n\t\t\t\t\t\t\t<div class=\"elementor-row\">\n\t\t\t\t\t<div class=\"elementor-column elementor-col-33 elementor-top-column elementor-element elementor-element-104b7d0\" data-id=\"104b7d0\" data-element_type=\"column\">\n\t\t\t<div class=\"elementor-column-wrap elementor-element-populated\">\n\t\t\t\t\t\t\t<div class=\"elementor-widget-wrap\">\n\t\t\t\t\t\t<div class=\"elementor-element elementor-element-e171661 elementor-widget elementor-widget-heading\" data-id=\"e171661\" data-element_type=\"widget\" data-widget_type=\"heading.default\">\n\t\t\t\t<div class=\"elementor-widget-container\">\n\t\t\t<h2 class=\"elementor-heading-title elementor-size-default\">CENTRO DE CONGRESOS<\/h2>\t\t<\/div>\n\t\t\t\t<\/div>\n\t\t\t\t\t\t<\/div>\n\t\t\t\t\t<\/div>\n\t\t<\/div>\n\t\t\t\t<div class=\"elementor-column elementor-col-66 elementor-top-column elementor-element elementor-element-3d585fb\" data-id=\"3d585fb\" data-element_type=\"column\">\n\t\t\t<div class=\"elementor-column-wrap elementor-element-populated\">\n\t\t\t\t\t\t\t<div class=\"elementor-widget-wrap\">\n\t\t\t\t\t\t<div class=\"elementor-element elementor-element-6495c0a elementor-widget elementor-widget-text-editor\" data-id=\"6495c0a\" data-element_type=\"widget\" data-widget_type=\"text-editor.default\">\n\t\t\t\t<div class=\"elementor-widget-container\">\n\t\t\t\t\t\t\t\t<div class=\"elementor-text-editor elementor-clearfix\">\n\t\t\t\t\t<p>CENTRO DE CONGRESOS Y EXPOSICIONES DE SAN RAFAEL \u201cALFREDO BUFANO\u201d<\/p><p>Ubicaci\u00f3n: Se encuentra ubicado en el parque \u201cJuan Domingo Per\u00f3n\u201d, en un predio parquizado de 11 hect\u00e1reas, a 1400 metros del Km 0 de la Ciudad de San Rafael.<br \/><span style=\"font-size: 15px;\">Su moderno y confortable equipamiento e instalaciones se complementan con un entorno natural privilegiado.<\/span><\/p><p><span style=\"font-size: 15px;\">Es un lugar dise\u00f1ado para albergar variadas actividades como congresos, convenciones, conferencias, exposiciones y otros tipos de encuentros que requieran de amplios y c\u00f3modos espacios.<\/span><\/p><p>INSTALACIONES ESPEC\u00cdFICAS<\/p><p>Cuenta con salas alfombradas y climatizadas, auditorio, una amplia y luminosa galer\u00eda, confiter\u00eda, cocina, ba\u00f1os, vestidores, camarines, oficinas, sala de servicios y reuniones privadas.<br \/><span style=\"font-size: 15px;\">Con gran accesibilidad, p\u00f3rtico, calles, sendas, rampas de acceso, jardines y un extenso predio para estacionamiento. Las salas de conferencias pueden ser divididas con paneles ac\u00fasticos que posibilitan la realizaci\u00f3n de eventos en forma simult\u00e1nea.<\/span><\/p><p>SALA COIRONES: 500 personas 4 subdivisiones: 3 salas p 100 p y 1 sala p 200 p<br \/><span style=\"font-size: 15px;\">SALA CHA\u00d1ARES: 300 personas 2 subdivisiones: 1 sala p 100 p y 1 sala p 200 p<br \/><\/span><span style=\"font-size: 15px;\">SALA RETAMOS: 200 personas sin subdivisiones<br \/><\/span><span style=\"font-size: 15px;\">AUDITORIO\u00a0 RA\u00daL\u00a0 VAZQUEZ: 1000 personas subdivisiones: 2 salas p 500<\/span><\/p>\t\t\t\t\t<\/div>\n\t\t\t\t\t\t<\/div>\n\t\t\t\t<\/div>\n\t\t\t\t\t\t<\/div>\n\t\t\t\t\t<\/div>\n\t\t<\/div>\n\t\t\t\t\t\t\t\t<\/div>\n\t\t\t\t\t<\/div>\n\t\t<\/section>\n\t\t\t\t<section class=\"elementor-section elementor-top-section elementor-element elementor-element-b5612b6 elementor-section-boxed elementor-section-height-default elementor-section-height-default\" data-id=\"b5612b6\" data-element_type=\"section\">\n\t\t\t\t\t\t<div class=\"elementor-container elementor-column-gap-default\">\n\t\t\t\t\t\t\t<div class=\"elementor-row\">\n\t\t\t\t\t<div class=\"elementor-column elementor-col-33 elementor-top-column elementor-element elementor-element-f0f73ed\" data-id=\"f0f73ed\" data-element_type=\"column\">\n\t\t\t<div class=\"elementor-column-wrap\">\n\t\t\t\t\t\t\t<div class=\"elementor-widget-wrap\">\n\t\t\t\t\t\t\t\t<\/div>\n\t\t\t\t\t<\/div>\n\t\t<\/div>\n\t\t\t\t<div class=\"elementor-column elementor-col-66 elementor-top-column elementor-element elementor-element-f285184\" data-id=\"f285184\" data-element_type=\"column\">\n\t\t\t<div class=\"elementor-column-wrap elementor-element-populated\">\n\t\t\t\t\t\t\t<div class=\"elementor-widget-wrap\">\n\t\t\t\t\t\t<div class=\"elementor-element elementor-element-f1d1c16 elementor-widget elementor-widget-image-gallery\" data-id=\"f1d1c16\" data-element_type=\"widget\" data-widget_type=\"image-gallery.default\">\n\t\t\t\t<div class=\"elementor-widget-container\">\n\t\t\t\t\t<div class=\"elementor-image-gallery\">\n\t\t\t<div id='gallery-1' class='gallery galleryid-883 gallery-columns-4 gallery-size-thumbnail'><figure class='gallery-item'>\n\t\t\t<div class='gallery-icon landscape'>\n\t\t\t\t<a data-elementor-open-lightbox=\"yes\" data-elementor-lightbox-slideshow=\"f1d1c16\" data-elementor-lightbox-title=\"46815127_2046774035361380_4426332628844544000_o\" href='https:\/\/sanrafaelbureau.com\/wp-content\/uploads\/2019\/04\/46815127_2046774035361380_4426332628844544000_o.jpg'><img width=\"150\" height=\"150\" src=\"https:\/\/sanrafaelbureau.com\/wp-content\/uploads\/2019\/04\/46815127_2046774035361380_4426332628844544000_o-150x150.jpg\" class=\"attachment-thumbnail size-thumbnail\" alt=\"\" loading=\"lazy\" \/><\/a>\n\t\t\t<\/div><\/figure><figure class='gallery-item'>\n\t\t\t<div class='gallery-icon landscape'>\n\t\t\t\t<a data-elementor-open-lightbox=\"yes\" data-elementor-lightbox-slideshow=\"f1d1c16\" data-elementor-lightbox-title=\"46696945_2046805775358206_6750714542268874752_o\" href='https:\/\/sanrafaelbureau.com\/wp-content\/uploads\/2019\/04\/46696945_2046805775358206_6750714542268874752_o.jpg'><img width=\"150\" height=\"150\" src=\"https:\/\/sanrafaelbureau.com\/wp-content\/uploads\/2019\/04\/46696945_2046805775358206_6750714542268874752_o-150x150.jpg\" class=\"attachment-thumbnail size-thumbnail\" alt=\"\" loading=\"lazy\" \/><\/a>\n\t\t\t<\/div><\/figure><figure class='gallery-item'>\n\t\t\t<div class='gallery-icon landscape'>\n\t\t\t\t<a data-elementor-open-lightbox=\"yes\" data-elementor-lightbox-slideshow=\"f1d1c16\" data-elementor-lightbox-title=\"46683157_2046778558694261_4271347935104466944_o\" href='https:\/\/sanrafaelbureau.com\/wp-content\/uploads\/2019\/04\/46683157_2046778558694261_4271347935104466944_o.jpg'><img width=\"150\" height=\"150\" src=\"https:\/\/sanrafaelbureau.com\/wp-content\/uploads\/2019\/04\/46683157_2046778558694261_4271347935104466944_o-150x150.jpg\" class=\"attachment-thumbnail size-thumbnail\" alt=\"\" loading=\"lazy\" \/><\/a>\n\t\t\t<\/div><\/figure><figure class='gallery-item'>\n\t\t\t<div class='gallery-icon landscape'>\n\t\t\t\t<a data-elementor-open-lightbox=\"yes\" data-elementor-lightbox-slideshow=\"f1d1c16\" data-elementor-lightbox-title=\"46634445_2046782755360508_6629030211738402816_o\" href='https:\/\/sanrafaelbureau.com\/wp-content\/uploads\/2019\/04\/46634445_2046782755360508_6629030211738402816_o.jpg'><img width=\"150\" height=\"150\" src=\"https:\/\/sanrafaelbureau.com\/wp-content\/uploads\/2019\/04\/46634445_2046782755360508_6629030211738402816_o-150x150.jpg\" class=\"attachment-thumbnail size-thumbnail\" alt=\"\" loading=\"lazy\" \/><\/a>\n\t\t\t<\/div><\/figure><figure class='gallery-item'>\n\t\t\t<div class='gallery-icon landscape'>\n\t\t\t\t<a data-elementor-open-lightbox=\"yes\" data-elementor-lightbox-slideshow=\"f1d1c16\" data-elementor-lightbox-title=\"46947385_2046782255360558_3293843619399598080_o\" href='https:\/\/sanrafaelbureau.com\/wp-content\/uploads\/2019\/04\/46947385_2046782255360558_3293843619399598080_o.jpg'><img width=\"150\" height=\"150\" src=\"https:\/\/sanrafaelbureau.com\/wp-content\/uploads\/2019\/04\/46947385_2046782255360558_3293843619399598080_o-150x150.jpg\" class=\"attachment-thumbnail size-thumbnail\" alt=\"\" loading=\"lazy\" \/><\/a>\n\t\t\t<\/div><\/figure><figure class='gallery-item'>\n\t\t\t<div class='gallery-icon landscape'>\n\t\t\t\t<a data-elementor-open-lightbox=\"yes\" data-elementor-lightbox-slideshow=\"f1d1c16\" data-elementor-lightbox-title=\"46975366_2047409595297824_4379245442089615360_o\" href='https:\/\/sanrafaelbureau.com\/wp-content\/uploads\/2019\/04\/46975366_2047409595297824_4379245442089615360_o.jpg'><img width=\"150\" height=\"150\" src=\"https:\/\/sanrafaelbureau.com\/wp-content\/uploads\/2019\/04\/46975366_2047409595297824_4379245442089615360_o-150x150.jpg\" class=\"attachment-thumbnail size-thumbnail\" alt=\"\" loading=\"lazy\" \/><\/a>\n\t\t\t<\/div><\/figure><figure class='gallery-item'>\n\t\t\t<div class='gallery-icon landscape'>\n\t\t\t\t<a data-elementor-open-lightbox=\"yes\" data-elementor-lightbox-slideshow=\"f1d1c16\" data-elementor-lightbox-title=\"46779847_2047410155297768_3567034686528028672_o\" href='https:\/\/sanrafaelbureau.com\/wp-content\/uploads\/2019\/04\/46779847_2047410155297768_3567034686528028672_o.jpg'><img width=\"150\" height=\"150\" src=\"https:\/\/sanrafaelbureau.com\/wp-content\/uploads\/2019\/04\/46779847_2047410155297768_3567034686528028672_o-150x150.jpg\" class=\"attachment-thumbnail size-thumbnail\" alt=\"\" loading=\"lazy\" \/><\/a>\n\t\t\t<\/div><\/figure><figure class='gallery-item'>\n\t\t\t<div class='gallery-icon landscape'>\n\t\t\t\t<a data-elementor-open-lightbox=\"yes\" data-elementor-lightbox-slideshow=\"f1d1c16\" data-elementor-lightbox-title=\"46831570_2047439701961480_4674020901723832320_o\" href='https:\/\/sanrafaelbureau.com\/wp-content\/uploads\/2019\/04\/46831570_2047439701961480_4674020901723832320_o.jpg'><img width=\"150\" height=\"150\" src=\"https:\/\/sanrafaelbureau.com\/wp-content\/uploads\/2019\/04\/46831570_2047439701961480_4674020901723832320_o-150x150.jpg\" class=\"attachment-thumbnail size-thumbnail\" alt=\"\" loading=\"lazy\" \/><\/a>\n\t\t\t<\/div><\/figure><figure class='gallery-item'>\n\t\t\t<div class='gallery-icon landscape'>\n\t\t\t\t<a data-elementor-open-lightbox=\"yes\" data-elementor-lightbox-slideshow=\"f1d1c16\" data-elementor-lightbox-title=\"46793829_2047417635297020_3463941736118616064_o\" href='https:\/\/sanrafaelbureau.com\/wp-content\/uploads\/2019\/04\/46793829_2047417635297020_3463941736118616064_o.jpg'><img width=\"150\" height=\"150\" src=\"https:\/\/sanrafaelbureau.com\/wp-content\/uploads\/2019\/04\/46793829_2047417635297020_3463941736118616064_o-150x150.jpg\" class=\"attachment-thumbnail size-thumbnail\" alt=\"\" loading=\"lazy\" \/><\/a>\n\t\t\t<\/div><\/figure><figure class='gallery-item'>\n\t\t\t<div class='gallery-icon landscape'>\n\t\t\t\t<a data-elementor-open-lightbox=\"yes\" data-elementor-lightbox-slideshow=\"f1d1c16\" data-elementor-lightbox-title=\"Copia de 03- CENTRO EXTERIOR 2\" href='https:\/\/sanrafaelbureau.com\/wp-content\/uploads\/2019\/04\/Copia-de-03-CENTRO-EXTERIOR-2.jpg'><img width=\"150\" height=\"150\" src=\"https:\/\/sanrafaelbureau.com\/wp-content\/uploads\/2019\/04\/Copia-de-03-CENTRO-EXTERIOR-2-150x150.jpg\" class=\"attachment-thumbnail size-thumbnail\" alt=\"\" loading=\"lazy\" \/><\/a>\n\t\t\t<\/div><\/figure><figure class='gallery-item'>\n\t\t\t<div class='gallery-icon landscape'>\n\t\t\t\t<a data-elementor-open-lightbox=\"yes\" data-elementor-lightbox-slideshow=\"f1d1c16\" data-elementor-lightbox-title=\"_DX22447a\" href='https:\/\/sanrafaelbureau.com\/wp-content\/uploads\/2019\/03\/DX22447a.jpg'><img width=\"150\" height=\"150\" src=\"https:\/\/sanrafaelbureau.com\/wp-content\/uploads\/2019\/03\/DX22447a-150x150.jpg\" class=\"attachment-thumbnail size-thumbnail\" alt=\"\" loading=\"lazy\" \/><\/a>\n\t\t\t<\/div><\/figure><figure class='gallery-item'>\n\t\t\t<div class='gallery-icon landscape'>\n\t\t\t\t<a data-elementor-open-lightbox=\"yes\" data-elementor-lightbox-slideshow=\"f1d1c16\" data-elementor-lightbox-title=\"46665867_2046796658692451_1789966301083467776_o\" href='https:\/\/sanrafaelbureau.com\/wp-content\/uploads\/2019\/04\/46665867_2046796658692451_1789966301083467776_o.jpg'><img width=\"150\" height=\"150\" src=\"https:\/\/sanrafaelbureau.com\/wp-content\/uploads\/2019\/04\/46665867_2046796658692451_1789966301083467776_o-150x150.jpg\" class=\"attachment-thumbnail size-thumbnail\" alt=\"\" loading=\"lazy\" \/><\/a>\n\t\t\t<\/div><\/figure><figure class='gallery-item'>\n\t\t\t<div class='gallery-icon landscape'>\n\t\t\t\t<a data-elementor-open-lightbox=\"yes\" data-elementor-lightbox-slideshow=\"f1d1c16\" data-elementor-lightbox-title=\"46634464_2046774655361318_3759974032032661504_o\" href='https:\/\/sanrafaelbureau.com\/wp-content\/uploads\/2019\/04\/46634464_2046774655361318_3759974032032661504_o.jpg'><img width=\"150\" height=\"150\" src=\"https:\/\/sanrafaelbureau.com\/wp-content\/uploads\/2019\/04\/46634464_2046774655361318_3759974032032661504_o-150x150.jpg\" class=\"attachment-thumbnail size-thumbnail\" alt=\"\" loading=\"lazy\" \/><\/a>\n\t\t\t<\/div><\/figure><figure class='gallery-item'>\n\t\t\t<div class='gallery-icon landscape'>\n\t\t\t\t<a data-elementor-open-lightbox=\"yes\" data-elementor-lightbox-slideshow=\"f1d1c16\" data-elementor-lightbox-title=\"46823317_2046774275361356_302100272954474496_o\" href='https:\/\/sanrafaelbureau.com\/wp-content\/uploads\/2019\/04\/46823317_2046774275361356_302100272954474496_o.jpg'><img width=\"150\" height=\"150\" src=\"https:\/\/sanrafaelbureau.com\/wp-content\/uploads\/2019\/04\/46823317_2046774275361356_302100272954474496_o-150x150.jpg\" class=\"attachment-thumbnail size-thumbnail\" alt=\"\" loading=\"lazy\" \/><\/a>\n\t\t\t<\/div><\/figure><figure class='gallery-item'>\n\t\t\t<div class='gallery-icon landscape'>\n\t\t\t\t<a data-elementor-open-lightbox=\"yes\" data-elementor-lightbox-slideshow=\"f1d1c16\" data-elementor-lightbox-title=\"46945587_2046774458694671_3086702552213880832_o\" href='https:\/\/sanrafaelbureau.com\/wp-content\/uploads\/2019\/04\/46945587_2046774458694671_3086702552213880832_o.jpg'><img width=\"150\" height=\"150\" src=\"https:\/\/sanrafaelbureau.com\/wp-content\/uploads\/2019\/04\/46945587_2046774458694671_3086702552213880832_o-150x150.jpg\" class=\"attachment-thumbnail size-thumbnail\" alt=\"\" loading=\"lazy\" \/><\/a>\n\t\t\t<\/div><\/figure>\n\t\t<\/div>\n\t\t<\/div>\n\t\t\t\t<\/div>\n\t\t\t\t<\/div>\n\t\t\t\t\t\t<\/div>\n\t\t\t\t\t<\/div>\n\t\t<\/div>\n\t\t\t\t\t\t\t\t<\/div>\n\t\t\t\t\t<\/div>\n\t\t<\/section>\n\t\t\t\t<section class=\"elementor-section elementor-top-section elementor-element elementor-element-7d1fdd1 elementor-section-boxed elementor-section-height-default elementor-section-height-default\" data-id=\"7d1fdd1\" data-element_type=\"section\">\n\t\t\t\t\t\t<div class=\"elementor-container elementor-column-gap-default\">\n\t\t\t\t\t\t\t<div class=\"elementor-row\">\n\t\t\t\t\t<div class=\"elementor-column elementor-col-33 elementor-top-column elementor-element elementor-element-04269e3\" data-id=\"04269e3\" data-element_type=\"column\">\n\t\t\t<div class=\"elementor-column-wrap\">\n\t\t\t\t\t\t\t<div class=\"elementor-widget-wrap\">\n\t\t\t\t\t\t\t\t<\/div>\n\t\t\t\t\t<\/div>\n\t\t<\/div>\n\t\t\t\t<div class=\"elementor-column elementor-col-33 elementor-top-column elementor-element elementor-element-764276d\" data-id=\"764276d\" data-element_type=\"column\">\n\t\t\t<div class=\"elementor-column-wrap elementor-element-populated\">\n\t\t\t\t\t\t\t<div class=\"elementor-widget-wrap\">\n\t\t\t\t\t\t<div class=\"elementor-element elementor-element-aad45aa elementor-widget-divider--view-line elementor-widget elementor-widget-divider\" data-id=\"aad45aa\" data-element_type=\"widget\" data-widget_type=\"divider.default\">\n\t\t\t\t<div class=\"elementor-widget-container\">\n\t\t\t\t\t<div class=\"elementor-divider\">\n\t\t\t<span class=\"elementor-divider-separator\">\n\t\t\t\t\t\t<\/span>\n\t\t<\/div>\n\t\t\t\t<\/div>\n\t\t\t\t<\/div>\n\t\t\t\t\t\t<\/div>\n\t\t\t\t\t<\/div>\n\t\t<\/div>\n\t\t\t\t<div class=\"elementor-column elementor-col-33 elementor-top-column elementor-element elementor-element-8706bbe\" data-id=\"8706bbe\" data-element_type=\"column\">\n\t\t\t<div class=\"elementor-column-wrap\">\n\t\t\t\t\t\t\t<div class=\"elementor-widget-wrap\">\n\t\t\t\t\t\t\t\t<\/div>\n\t\t\t\t\t<\/div>\n\t\t<\/div>\n\t\t\t\t\t\t\t\t<\/div>\n\t\t\t\t\t<\/div>\n\t\t<\/section>\n\t\t\t\t<section class=\"elementor-section elementor-top-section elementor-element elementor-element-011ee0e elementor-section-boxed elementor-section-height-default elementor-section-height-default\" data-id=\"011ee0e\" data-element_type=\"section\">\n\t\t\t\t\t\t<div class=\"elementor-container elementor-column-gap-default\">\n\t\t\t\t\t\t\t<div class=\"elementor-row\">\n\t\t\t\t\t<div class=\"elementor-column elementor-col-33 elementor-top-column elementor-element elementor-element-5bdcbe0\" data-id=\"5bdcbe0\" data-element_type=\"column\">\n\t\t\t<div class=\"elementor-column-wrap\">\n\t\t\t\t\t\t\t<div class=\"elementor-widget-wrap\">\n\t\t\t\t\t\t\t\t<\/div>\n\t\t\t\t\t<\/div>\n\t\t<\/div>\n\t\t\t\t<div class=\"elementor-column elementor-col-66 elementor-top-column elementor-element elementor-element-2c5144f\" data-id=\"2c5144f\" data-element_type=\"column\">\n\t\t\t<div class=\"elementor-column-wrap elementor-element-populated\">\n\t\t\t\t\t\t\t<div class=\"elementor-widget-wrap\">\n\t\t\t\t\t\t<div class=\"elementor-element elementor-element-19c8dc6 elementor-widget elementor-widget-google_maps\" data-id=\"19c8dc6\" data-element_type=\"widget\" data-widget_type=\"google_maps.default\">\n\t\t\t\t<div class=\"elementor-widget-container\">\n\t\t\t\t\t<div class=\"elementor-custom-embed\">\n\t\t\t<iframe frameborder=\"0\" scrolling=\"no\" marginheight=\"0\" marginwidth=\"0\" src=\"https:\/\/maps.google.com\/maps?q=centro%20congresos%2C%20san%20rafael%2C%20mendoza&amp;t=m&amp;z=12&amp;output=embed&amp;iwloc=near\" title=\"%3$s\" aria-label=\"%3$s\"><\/iframe>\n\t\t<\/div>\n\t\t\t\t<\/div>\n\t\t\t\t<\/div>\n\t\t\t\t\t\t<\/div>\n\t\t\t\t\t<\/div>\n\t\t<\/div>\n\t\t\t\t\t\t\t\t<\/div>\n\t\t\t\t\t<\/div>\n\t\t<\/section>\n\t\t\t\t\t\t<\/div>\n\t\t\t\t\t\t<\/div>\n\t\t\t\t\t<\/div>\n\t\t","protected":false},"excerpt":{"rendered":"<p>. CENTRO DE CONGRESOS CENTRO DE CONGRESOS Y EXPOSICIONES DE SAN RAFAEL \u201cALFREDO BUFANO\u201d Ubicaci\u00f3n: Se encuentra ubicado en el parque \u201cJuan Domingo Per\u00f3n\u201d, en un predio parquizado de 11 hect\u00e1reas, a 1400 metros del Km 0 de la Ciudad de San Rafael.Su moderno y confortable equipamiento e instalaciones se complementan con un entorno natural [&hellip;]<\/p>\n","protected":false},"author":2,"featured_media":0,"parent":0,"menu_order":0,"comment_status":"closed","ping_status":"closed","template":"","meta":[],"_links":{"self":[{"href":"https:\/\/sanrafaelbureau.com\/index.php\/wp-json\/wp\/v2\/pages\/883"}],"collection":[{"href":"https:\/\/sanrafaelbureau.com\/index.php\/wp-json\/wp\/v2\/pages"}],"about":[{"href":"https:\/\/sanrafaelbureau.com\/index.php\/wp-json\/wp\/v2\/types\/page"}],"author":[{"embeddable":true,"href":"https:\/\/sanrafaelbureau.com\/index.php\/wp-json\/wp\/v2\/users\/2"}],"replies":[{"embeddable":true,"href":"https:\/\/sanrafaelbureau.com\/index.php\/wp-json\/wp\/v2\/comments?post=883"}],"version-history":[{"count":24,"href":"https:\/\/sanrafaelbureau.com\/index.php\/wp-json\/wp\/v2\/pages\/883\/revisions"}],"predecessor-version":[{"id":1294,"href":"https:\/\/sanrafaelbureau.com\/index.php\/wp-json\/wp\/v2\/pages\/883\/revisions\/1294"}],"wp:attachment":[{"href":"https:\/\/sanrafaelbureau.com\/index.php\/wp-json\/wp\/v2\/media?parent=883"}],"curies":[{"name":"wp","href":"https:\/\/api.w.org\/{rel}","templated":true}]}}