{"id":890,"date":"2019-03-28T18:42:31","date_gmt":"2019-03-28T21:42:31","guid":{"rendered":"http:\/\/sanrafaelbureau.com\/?page_id=890"},"modified":"2019-04-15T11:18:28","modified_gmt":"2019-04-15T14:18:28","slug":"tradicion-culinaria","status":"publish","type":"page","link":"https:\/\/sanrafaelbureau.com\/index.php\/tradicion-culinaria\/","title":{"rendered":"Tradici\u00f3n Culinaria"},"content":{"rendered":"\t\t<div data-elementor-type=\"wp-post\" data-elementor-id=\"890\" class=\"elementor elementor-890\" data-elementor-settings=\"[]\">\n\t\t\t\t\t\t<div class=\"elementor-inner\">\n\t\t\t\t\t\t\t<div class=\"elementor-section-wrap\">\n\t\t\t\t\t\t\t<section class=\"elementor-section elementor-top-section elementor-element elementor-element-5772720a elementor-section-stretched elementor-section-full_width elementor-section-height-default elementor-section-height-default\" data-id=\"5772720a\" data-element_type=\"section\" data-settings=\"{&quot;stretch_section&quot;:&quot;section-stretched&quot;,&quot;background_background&quot;:&quot;classic&quot;}\">\n\t\t\t\t\t\t<div class=\"elementor-container elementor-column-gap-default\">\n\t\t\t\t\t\t\t<div class=\"elementor-row\">\n\t\t\t\t\t<div class=\"elementor-column elementor-col-100 elementor-top-column elementor-element elementor-element-7eacea4a\" data-id=\"7eacea4a\" data-element_type=\"column\">\n\t\t\t<div class=\"elementor-column-wrap elementor-element-populated\">\n\t\t\t\t\t\t\t<div class=\"elementor-widget-wrap\">\n\t\t\t\t\t\t<div class=\"elementor-element elementor-element-149de97e elementor-widget elementor-widget-heading\" data-id=\"149de97e\" data-element_type=\"widget\" data-widget_type=\"heading.default\">\n\t\t\t\t<div class=\"elementor-widget-container\">\n\t\t\t<h2 class=\"elementor-heading-title elementor-size-default\">.<\/h2>\t\t<\/div>\n\t\t\t\t<\/div>\n\t\t\t\t\t\t<\/div>\n\t\t\t\t\t<\/div>\n\t\t<\/div>\n\t\t\t\t\t\t\t\t<\/div>\n\t\t\t\t\t<\/div>\n\t\t<\/section>\n\t\t\t\t<section class=\"elementor-section elementor-top-section elementor-element elementor-element-4b6e4d7 elementor-section-boxed elementor-section-height-default elementor-section-height-default\" data-id=\"4b6e4d7\" data-element_type=\"section\">\n\t\t\t\t\t\t<div class=\"elementor-container elementor-column-gap-default\">\n\t\t\t\t\t\t\t<div class=\"elementor-row\">\n\t\t\t\t\t<div class=\"elementor-column elementor-col-33 elementor-top-column elementor-element elementor-element-b259a20\" data-id=\"b259a20\" data-element_type=\"column\">\n\t\t\t<div class=\"elementor-column-wrap elementor-element-populated\">\n\t\t\t\t\t\t\t<div class=\"elementor-widget-wrap\">\n\t\t\t\t\t\t<div class=\"elementor-element elementor-element-09f37e0 elementor-widget elementor-widget-heading\" data-id=\"09f37e0\" data-element_type=\"widget\" data-widget_type=\"heading.default\">\n\t\t\t\t<div class=\"elementor-widget-container\">\n\t\t\t<h2 class=\"elementor-heading-title elementor-size-default\">TRADICI\u00d3N CULINARIA<\/h2>\t\t<\/div>\n\t\t\t\t<\/div>\n\t\t\t\t\t\t<\/div>\n\t\t\t\t\t<\/div>\n\t\t<\/div>\n\t\t\t\t<div class=\"elementor-column elementor-col-66 elementor-top-column elementor-element elementor-element-435e3c3\" data-id=\"435e3c3\" data-element_type=\"column\">\n\t\t\t<div class=\"elementor-column-wrap elementor-element-populated\">\n\t\t\t\t\t\t\t<div class=\"elementor-widget-wrap\">\n\t\t\t\t\t\t<div class=\"elementor-element elementor-element-631541d elementor-widget elementor-widget-heading\" data-id=\"631541d\" data-element_type=\"widget\" data-widget_type=\"heading.default\">\n\t\t\t\t<div class=\"elementor-widget-container\">\n\t\t\t<h2 class=\"elementor-heading-title elementor-size-default\">Gastronom\u00eda<\/h2>\t\t<\/div>\n\t\t\t\t<\/div>\n\t\t\t\t<div class=\"elementor-element elementor-element-817ed38 elementor-widget elementor-widget-text-editor\" data-id=\"817ed38\" data-element_type=\"widget\" data-widget_type=\"text-editor.default\">\n\t\t\t\t<div class=\"elementor-widget-container\">\n\t\t\t\t\t\t\t\t<div class=\"elementor-text-editor elementor-clearfix\">\n\t\t\t\t\t<p>San Rafael, ofrece una amplia carta de sabores, productos de la regi\u00f3n que dan identidad a su cocina. De la cocina tradicional las infaltables empanadas, las humitas, el tomatic\u00e1n, las tortas fritas y el jam\u00f3n crudo acompa\u00f1ado de pan casero. Entre los platos de carnes se destacan: la parrilla, la carne a la masa, el chivito, el conejo al disco, y la trucha<\/p>\t\t\t\t\t<\/div>\n\t\t\t\t\t\t<\/div>\n\t\t\t\t<\/div>\n\t\t\t\t\t\t<\/div>\n\t\t\t\t\t<\/div>\n\t\t<\/div>\n\t\t\t\t\t\t\t\t<\/div>\n\t\t\t\t\t<\/div>\n\t\t<\/section>\n\t\t\t\t<section class=\"elementor-section elementor-top-section elementor-element elementor-element-9531cc7 elementor-section-boxed elementor-section-height-default elementor-section-height-default\" data-id=\"9531cc7\" data-element_type=\"section\">\n\t\t\t\t\t\t<div class=\"elementor-container elementor-column-gap-default\">\n\t\t\t\t\t\t\t<div class=\"elementor-row\">\n\t\t\t\t\t<div class=\"elementor-column elementor-col-100 elementor-top-column elementor-element elementor-element-0a4e483\" data-id=\"0a4e483\" data-element_type=\"column\">\n\t\t\t<div class=\"elementor-column-wrap elementor-element-populated\">\n\t\t\t\t\t\t\t<div class=\"elementor-widget-wrap\">\n\t\t\t\t\t\t<div class=\"elementor-element elementor-element-a8d20c6 elementor-widget-divider--view-line elementor-widget elementor-widget-divider\" data-id=\"a8d20c6\" data-element_type=\"widget\" data-widget_type=\"divider.default\">\n\t\t\t\t<div class=\"elementor-widget-container\">\n\t\t\t\t\t<div class=\"elementor-divider\">\n\t\t\t<span class=\"elementor-divider-separator\">\n\t\t\t\t\t\t<\/span>\n\t\t<\/div>\n\t\t\t\t<\/div>\n\t\t\t\t<\/div>\n\t\t\t\t\t\t<\/div>\n\t\t\t\t\t<\/div>\n\t\t<\/div>\n\t\t\t\t\t\t\t\t<\/div>\n\t\t\t\t\t<\/div>\n\t\t<\/section>\n\t\t\t\t<section class=\"elementor-section elementor-top-section elementor-element elementor-element-406e2ba elementor-section-boxed elementor-section-height-default elementor-section-height-default\" data-id=\"406e2ba\" data-element_type=\"section\">\n\t\t\t\t\t\t<div class=\"elementor-container elementor-column-gap-default\">\n\t\t\t\t\t\t\t<div class=\"elementor-row\">\n\t\t\t\t\t<div class=\"elementor-column elementor-col-33 elementor-top-column elementor-element elementor-element-9dab894\" data-id=\"9dab894\" data-element_type=\"column\">\n\t\t\t<div class=\"elementor-column-wrap\">\n\t\t\t\t\t\t\t<div class=\"elementor-widget-wrap\">\n\t\t\t\t\t\t\t\t<\/div>\n\t\t\t\t\t<\/div>\n\t\t<\/div>\n\t\t\t\t<div class=\"elementor-column elementor-col-66 elementor-top-column elementor-element elementor-element-03a6d79\" data-id=\"03a6d79\" data-element_type=\"column\">\n\t\t\t<div class=\"elementor-column-wrap elementor-element-populated\">\n\t\t\t\t\t\t\t<div class=\"elementor-widget-wrap\">\n\t\t\t\t\t\t<div class=\"elementor-element elementor-element-59a7c63 elementor-widget elementor-widget-image-gallery\" data-id=\"59a7c63\" data-element_type=\"widget\" data-widget_type=\"image-gallery.default\">\n\t\t\t\t<div class=\"elementor-widget-container\">\n\t\t\t\t\t<div class=\"elementor-image-gallery\">\n\t\t\t<div id='gallery-1' class='gallery galleryid-890 gallery-columns-4 gallery-size-thumbnail'><figure class='gallery-item'>\n\t\t\t<div class='gallery-icon landscape'>\n\t\t\t\t<a data-elementor-open-lightbox=\"yes\" data-elementor-lightbox-slideshow=\"59a7c63\" data-elementor-lightbox-title=\"47027433_2047446271960823_5147288398951612416_o\" href='https:\/\/sanrafaelbureau.com\/wp-content\/uploads\/2019\/04\/47027433_2047446271960823_5147288398951612416_o.jpg'><img width=\"150\" height=\"150\" src=\"https:\/\/sanrafaelbureau.com\/wp-content\/uploads\/2019\/04\/47027433_2047446271960823_5147288398951612416_o-150x150.jpg\" class=\"attachment-thumbnail size-thumbnail\" alt=\"\" loading=\"lazy\" \/><\/a>\n\t\t\t<\/div><\/figure><figure class='gallery-item'>\n\t\t\t<div class='gallery-icon landscape'>\n\t\t\t\t<a data-elementor-open-lightbox=\"yes\" data-elementor-lightbox-slideshow=\"59a7c63\" data-elementor-lightbox-title=\"46964734_2046886885350095_7125944604897050624_o\" href='https:\/\/sanrafaelbureau.com\/wp-content\/uploads\/2019\/04\/46964734_2046886885350095_7125944604897050624_o.jpg'><img width=\"150\" height=\"150\" src=\"https:\/\/sanrafaelbureau.com\/wp-content\/uploads\/2019\/04\/46964734_2046886885350095_7125944604897050624_o-150x150.jpg\" class=\"attachment-thumbnail size-thumbnail\" alt=\"\" loading=\"lazy\" \/><\/a>\n\t\t\t<\/div><\/figure><figure class='gallery-item'>\n\t\t\t<div class='gallery-icon landscape'>\n\t\t\t\t<a data-elementor-open-lightbox=\"yes\" data-elementor-lightbox-slideshow=\"59a7c63\" data-elementor-lightbox-title=\"algodon 18\" href='https:\/\/sanrafaelbureau.com\/wp-content\/uploads\/2019\/04\/algodon-18.jpg'><img width=\"150\" height=\"150\" src=\"https:\/\/sanrafaelbureau.com\/wp-content\/uploads\/2019\/04\/algodon-18-150x150.jpg\" class=\"attachment-thumbnail size-thumbnail\" alt=\"\" loading=\"lazy\" \/><\/a>\n\t\t\t<\/div><\/figure><figure class='gallery-item'>\n\t\t\t<div class='gallery-icon landscape'>\n\t\t\t\t<a data-elementor-open-lightbox=\"yes\" data-elementor-lightbox-slideshow=\"59a7c63\" data-elementor-lightbox-title=\"San-Rafael-Noche-031\" href='https:\/\/sanrafaelbureau.com\/wp-content\/uploads\/2019\/04\/San-Rafael-Noche-031.jpg'><img width=\"150\" height=\"150\" src=\"https:\/\/sanrafaelbureau.com\/wp-content\/uploads\/2019\/04\/San-Rafael-Noche-031-150x150.jpg\" class=\"attachment-thumbnail size-thumbnail\" alt=\"\" loading=\"lazy\" \/><\/a>\n\t\t\t<\/div><\/figure><figure class='gallery-item'>\n\t\t\t<div class='gallery-icon landscape'>\n\t\t\t\t<a data-elementor-open-lightbox=\"yes\" data-elementor-lightbox-slideshow=\"59a7c63\" data-elementor-lightbox-title=\"San-Rafael-Noche-023\" href='https:\/\/sanrafaelbureau.com\/wp-content\/uploads\/2019\/04\/San-Rafael-Noche-023.jpg'><img width=\"150\" height=\"150\" src=\"https:\/\/sanrafaelbureau.com\/wp-content\/uploads\/2019\/04\/San-Rafael-Noche-023-150x150.jpg\" class=\"attachment-thumbnail size-thumbnail\" alt=\"\" loading=\"lazy\" \/><\/a>\n\t\t\t<\/div><\/figure><figure class='gallery-item'>\n\t\t\t<div class='gallery-icon landscape'>\n\t\t\t\t<a data-elementor-open-lightbox=\"yes\" data-elementor-lightbox-slideshow=\"59a7c63\" data-elementor-lightbox-title=\"DSC_3848_150dpi (1)\" href='https:\/\/sanrafaelbureau.com\/wp-content\/uploads\/2019\/04\/DSC_3848_150dpi-1.jpg'><img width=\"150\" height=\"150\" src=\"https:\/\/sanrafaelbureau.com\/wp-content\/uploads\/2019\/04\/DSC_3848_150dpi-1-150x150.jpg\" class=\"attachment-thumbnail size-thumbnail\" alt=\"\" loading=\"lazy\" \/><\/a>\n\t\t\t<\/div><\/figure><figure class='gallery-item'>\n\t\t\t<div class='gallery-icon landscape'>\n\t\t\t\t<a data-elementor-open-lightbox=\"yes\" data-elementor-lightbox-slideshow=\"59a7c63\" data-elementor-lightbox-title=\"San-Rafael-Noche-018\" href='https:\/\/sanrafaelbureau.com\/wp-content\/uploads\/2019\/04\/San-Rafael-Noche-018.jpg'><img width=\"150\" height=\"150\" src=\"https:\/\/sanrafaelbureau.com\/wp-content\/uploads\/2019\/04\/San-Rafael-Noche-018-150x150.jpg\" class=\"attachment-thumbnail size-thumbnail\" alt=\"\" loading=\"lazy\" \/><\/a>\n\t\t\t<\/div><\/figure>\n\t\t<\/div>\n\t\t<\/div>\n\t\t\t\t<\/div>\n\t\t\t\t<\/div>\n\t\t\t\t\t\t<\/div>\n\t\t\t\t\t<\/div>\n\t\t<\/div>\n\t\t\t\t\t\t\t\t<\/div>\n\t\t\t\t\t<\/div>\n\t\t<\/section>\n\t\t\t\t\t\t<\/div>\n\t\t\t\t\t\t<\/div>\n\t\t\t\t\t<\/div>\n\t\t","protected":false},"excerpt":{"rendered":"<p>. TRADICI\u00d3N CULINARIA Gastronom\u00eda San Rafael, ofrece una amplia carta de sabores, productos de la regi\u00f3n que dan identidad a su cocina. De la cocina tradicional las infaltables empanadas, las humitas, el tomatic\u00e1n, las tortas fritas y el jam\u00f3n crudo acompa\u00f1ado de pan casero. Entre los platos de carnes se destacan: la parrilla, la carne [&hellip;]<\/p>\n","protected":false},"author":2,"featured_media":0,"parent":0,"menu_order":0,"comment_status":"closed","ping_status":"closed","template":"","meta":[],"_links":{"self":[{"href":"https:\/\/sanrafaelbureau.com\/index.php\/wp-json\/wp\/v2\/pages\/890"}],"collection":[{"href":"https:\/\/sanrafaelbureau.com\/index.php\/wp-json\/wp\/v2\/pages"}],"about":[{"href":"https:\/\/sanrafaelbureau.com\/index.php\/wp-json\/wp\/v2\/types\/page"}],"author":[{"embeddable":true,"href":"https:\/\/sanrafaelbureau.com\/index.php\/wp-json\/wp\/v2\/users\/2"}],"replies":[{"embeddable":true,"href":"https:\/\/sanrafaelbureau.com\/index.php\/wp-json\/wp\/v2\/comments?post=890"}],"version-history":[{"count":6,"href":"https:\/\/sanrafaelbureau.com\/index.php\/wp-json\/wp\/v2\/pages\/890\/revisions"}],"predecessor-version":[{"id":1133,"href":"https:\/\/sanrafaelbureau.com\/index.php\/wp-json\/wp\/v2\/pages\/890\/revisions\/1133"}],"wp:attachment":[{"href":"https:\/\/sanrafaelbureau.com\/index.php\/wp-json\/wp\/v2\/media?parent=890"}],"curies":[{"name":"wp","href":"https:\/\/api.w.org\/{rel}","templated":true}]}}