{"id":906,"date":"2019-03-28T19:30:42","date_gmt":"2019-03-28T22:30:42","guid":{"rendered":"http:\/\/sanrafaelbureau.com\/?page_id=906"},"modified":"2019-04-15T11:20:58","modified_gmt":"2019-04-15T14:20:58","slug":"vinos-y-bodegas-2","status":"publish","type":"page","link":"https:\/\/sanrafaelbureau.com\/index.php\/vinos-y-bodegas-2\/","title":{"rendered":"Vinos y Bodegas"},"content":{"rendered":"\t\t<div data-elementor-type=\"wp-post\" data-elementor-id=\"906\" class=\"elementor elementor-906\" data-elementor-settings=\"[]\">\n\t\t\t\t\t\t<div class=\"elementor-inner\">\n\t\t\t\t\t\t\t<div class=\"elementor-section-wrap\">\n\t\t\t\t\t\t\t<section class=\"elementor-section elementor-top-section elementor-element elementor-element-73c8f72d elementor-section-stretched elementor-section-full_width elementor-section-height-default elementor-section-height-default\" data-id=\"73c8f72d\" data-element_type=\"section\" data-settings=\"{&quot;stretch_section&quot;:&quot;section-stretched&quot;}\">\n\t\t\t\t\t\t<div class=\"elementor-container elementor-column-gap-default\">\n\t\t\t\t\t\t\t<div class=\"elementor-row\">\n\t\t\t\t\t<div class=\"elementor-column elementor-col-100 elementor-top-column elementor-element elementor-element-36f78187\" data-id=\"36f78187\" data-element_type=\"column\">\n\t\t\t<div class=\"elementor-column-wrap elementor-element-populated\">\n\t\t\t\t\t\t\t<div class=\"elementor-widget-wrap\">\n\t\t\t\t\t\t<div class=\"elementor-element elementor-element-171c77db elementor-widget elementor-widget-heading\" data-id=\"171c77db\" data-element_type=\"widget\" data-widget_type=\"heading.default\">\n\t\t\t\t<div class=\"elementor-widget-container\">\n\t\t\t<h2 class=\"elementor-heading-title elementor-size-default\">.<\/h2>\t\t<\/div>\n\t\t\t\t<\/div>\n\t\t\t\t\t\t<\/div>\n\t\t\t\t\t<\/div>\n\t\t<\/div>\n\t\t\t\t\t\t\t\t<\/div>\n\t\t\t\t\t<\/div>\n\t\t<\/section>\n\t\t\t\t<section class=\"elementor-section elementor-top-section elementor-element elementor-element-743106f elementor-section-boxed elementor-section-height-default elementor-section-height-default\" data-id=\"743106f\" data-element_type=\"section\">\n\t\t\t\t\t\t<div class=\"elementor-container elementor-column-gap-default\">\n\t\t\t\t\t\t\t<div class=\"elementor-row\">\n\t\t\t\t\t<div class=\"elementor-column elementor-col-33 elementor-top-column elementor-element elementor-element-d1a740e\" data-id=\"d1a740e\" data-element_type=\"column\">\n\t\t\t<div class=\"elementor-column-wrap elementor-element-populated\">\n\t\t\t\t\t\t\t<div class=\"elementor-widget-wrap\">\n\t\t\t\t\t\t<div class=\"elementor-element elementor-element-7dc003a elementor-widget elementor-widget-heading\" data-id=\"7dc003a\" data-element_type=\"widget\" data-widget_type=\"heading.default\">\n\t\t\t\t<div class=\"elementor-widget-container\">\n\t\t\t<h2 class=\"elementor-heading-title elementor-size-default\">VINOS Y BODEGAS<\/h2>\t\t<\/div>\n\t\t\t\t<\/div>\n\t\t\t\t\t\t<\/div>\n\t\t\t\t\t<\/div>\n\t\t<\/div>\n\t\t\t\t<div class=\"elementor-column elementor-col-66 elementor-top-column elementor-element elementor-element-dd44ada\" data-id=\"dd44ada\" data-element_type=\"column\">\n\t\t\t<div class=\"elementor-column-wrap elementor-element-populated\">\n\t\t\t\t\t\t\t<div class=\"elementor-widget-wrap\">\n\t\t\t\t\t\t<div class=\"elementor-element elementor-element-d9457fa elementor-widget elementor-widget-text-editor\" data-id=\"d9457fa\" data-element_type=\"widget\" data-widget_type=\"text-editor.default\">\n\t\t\t\t<div class=\"elementor-widget-container\">\n\t\t\t\t\t\t\t\t<div class=\"elementor-text-editor elementor-clearfix\">\n\t\t\t\t\t<p>Nuestro clima de abundantes d\u00edas de sol a lo largo de todo el a\u00f1o y temperaturas favorables a la maduraci\u00f3n de la uva, hacen de nuestra tierra un lugar ideal para el cultivo de la vid y la producci\u00f3n de una gran variedad de vinos de diferentes sabores, aromas y colores. As\u00ed, son numerosas la bodegas que forman parte de la oferta vitivin\u00edcola de San Rafael, y para el agrado de los visitantes muchas de ellas brindan visitas guiadas a trav\u00e9s de sus intalaciones. Los turistas pueden realizar caminatas entre vi\u00f1edos para apreciar la tradicion vi\u00f1atera, vivienciar lo procesos de elaboracion degustando exquisitos y reconocidos vinos, de varietales como Malbec, Syrah, Cabernet y Bonarda entre otros.<\/p><p>San Rafael es una de las pocas regiones del pa\u00eds que tiene el orgullo de contar con DOC (Denominaci\u00f3n de Origen Controlada), dando una clara identidad a los vinos de alta calidad.<\/p><p>Tenemos bodegas con historia, modernas, boutique o artesanales, las hay con proyecci\u00f3n internacional o conformando un complejo tur\u00edstico con restaurante y alojamiento.<\/p>\t\t\t\t\t<\/div>\n\t\t\t\t\t\t<\/div>\n\t\t\t\t<\/div>\n\t\t\t\t\t\t<\/div>\n\t\t\t\t\t<\/div>\n\t\t<\/div>\n\t\t\t\t\t\t\t\t<\/div>\n\t\t\t\t\t<\/div>\n\t\t<\/section>\n\t\t\t\t<section class=\"elementor-section elementor-top-section elementor-element elementor-element-f7edfd0 elementor-section-boxed elementor-section-height-default elementor-section-height-default\" data-id=\"f7edfd0\" data-element_type=\"section\">\n\t\t\t\t\t\t<div class=\"elementor-container elementor-column-gap-default\">\n\t\t\t\t\t\t\t<div class=\"elementor-row\">\n\t\t\t\t\t<div class=\"elementor-column elementor-col-100 elementor-top-column elementor-element elementor-element-02777c8\" data-id=\"02777c8\" data-element_type=\"column\">\n\t\t\t<div class=\"elementor-column-wrap elementor-element-populated\">\n\t\t\t\t\t\t\t<div class=\"elementor-widget-wrap\">\n\t\t\t\t\t\t<div class=\"elementor-element elementor-element-f9a7a21 elementor-widget-divider--view-line elementor-widget elementor-widget-divider\" data-id=\"f9a7a21\" data-element_type=\"widget\" data-widget_type=\"divider.default\">\n\t\t\t\t<div class=\"elementor-widget-container\">\n\t\t\t\t\t<div class=\"elementor-divider\">\n\t\t\t<span class=\"elementor-divider-separator\">\n\t\t\t\t\t\t<\/span>\n\t\t<\/div>\n\t\t\t\t<\/div>\n\t\t\t\t<\/div>\n\t\t\t\t\t\t<\/div>\n\t\t\t\t\t<\/div>\n\t\t<\/div>\n\t\t\t\t\t\t\t\t<\/div>\n\t\t\t\t\t<\/div>\n\t\t<\/section>\n\t\t\t\t<section class=\"elementor-section elementor-top-section elementor-element elementor-element-5f73b00 elementor-section-boxed elementor-section-height-default elementor-section-height-default\" data-id=\"5f73b00\" data-element_type=\"section\">\n\t\t\t\t\t\t<div class=\"elementor-container elementor-column-gap-default\">\n\t\t\t\t\t\t\t<div class=\"elementor-row\">\n\t\t\t\t\t<div class=\"elementor-column elementor-col-33 elementor-top-column elementor-element elementor-element-3aa2366\" data-id=\"3aa2366\" data-element_type=\"column\">\n\t\t\t<div class=\"elementor-column-wrap\">\n\t\t\t\t\t\t\t<div class=\"elementor-widget-wrap\">\n\t\t\t\t\t\t\t\t<\/div>\n\t\t\t\t\t<\/div>\n\t\t<\/div>\n\t\t\t\t<div class=\"elementor-column elementor-col-66 elementor-top-column elementor-element elementor-element-67b0fb4\" data-id=\"67b0fb4\" data-element_type=\"column\">\n\t\t\t<div class=\"elementor-column-wrap elementor-element-populated\">\n\t\t\t\t\t\t\t<div class=\"elementor-widget-wrap\">\n\t\t\t\t\t\t<div class=\"elementor-element elementor-element-5ea232c elementor-widget elementor-widget-image-gallery\" data-id=\"5ea232c\" data-element_type=\"widget\" data-widget_type=\"image-gallery.default\">\n\t\t\t\t<div class=\"elementor-widget-container\">\n\t\t\t\t\t<div class=\"elementor-image-gallery\">\n\t\t\t<div id='gallery-1' class='gallery galleryid-906 gallery-columns-4 gallery-size-thumbnail'><figure class='gallery-item'>\n\t\t\t<div class='gallery-icon landscape'>\n\t\t\t\t<a data-elementor-open-lightbox=\"yes\" data-elementor-lightbox-slideshow=\"5ea232c\" data-elementor-lightbox-title=\"46680246_2047447101960740_7850905651050971136_o\" href='https:\/\/sanrafaelbureau.com\/wp-content\/uploads\/2019\/04\/46680246_2047447101960740_7850905651050971136_o.jpg'><img width=\"150\" height=\"150\" src=\"https:\/\/sanrafaelbureau.com\/wp-content\/uploads\/2019\/04\/46680246_2047447101960740_7850905651050971136_o-150x150.jpg\" class=\"attachment-thumbnail size-thumbnail\" alt=\"\" loading=\"lazy\" \/><\/a>\n\t\t\t<\/div><\/figure><figure class='gallery-item'>\n\t\t\t<div class='gallery-icon landscape'>\n\t\t\t\t<a data-elementor-open-lightbox=\"yes\" data-elementor-lightbox-slideshow=\"5ea232c\" data-elementor-lightbox-title=\"23- cava bianchi\" href='https:\/\/sanrafaelbureau.com\/wp-content\/uploads\/2019\/04\/23-cava-bianchi.jpg'><img width=\"150\" height=\"150\" src=\"https:\/\/sanrafaelbureau.com\/wp-content\/uploads\/2019\/04\/23-cava-bianchi-150x150.jpg\" class=\"attachment-thumbnail size-thumbnail\" alt=\"\" loading=\"lazy\" \/><\/a>\n\t\t\t<\/div><\/figure><figure class='gallery-item'>\n\t\t\t<div class='gallery-icon landscape'>\n\t\t\t\t<a data-elementor-open-lightbox=\"yes\" data-elementor-lightbox-slideshow=\"5ea232c\" data-elementor-lightbox-title=\"DSC_3848_150dpi (1)\" href='https:\/\/sanrafaelbureau.com\/wp-content\/uploads\/2019\/04\/DSC_3848_150dpi-1.jpg'><img width=\"150\" height=\"150\" src=\"https:\/\/sanrafaelbureau.com\/wp-content\/uploads\/2019\/04\/DSC_3848_150dpi-1-150x150.jpg\" class=\"attachment-thumbnail size-thumbnail\" alt=\"\" loading=\"lazy\" \/><\/a>\n\t\t\t<\/div><\/figure><figure class='gallery-item'>\n\t\t\t<div class='gallery-icon landscape'>\n\t\t\t\t<a data-elementor-open-lightbox=\"yes\" data-elementor-lightbox-slideshow=\"5ea232c\" data-elementor-lightbox-title=\"DSC_5327\" href='https:\/\/sanrafaelbureau.com\/wp-content\/uploads\/2019\/04\/DSC_5327.jpg'><img width=\"150\" height=\"150\" src=\"https:\/\/sanrafaelbureau.com\/wp-content\/uploads\/2019\/04\/DSC_5327-150x150.jpg\" class=\"attachment-thumbnail size-thumbnail\" alt=\"\" loading=\"lazy\" \/><\/a>\n\t\t\t<\/div><\/figure>\n\t\t<\/div>\n\t\t<\/div>\n\t\t\t\t<\/div>\n\t\t\t\t<\/div>\n\t\t\t\t\t\t<\/div>\n\t\t\t\t\t<\/div>\n\t\t<\/div>\n\t\t\t\t\t\t\t\t<\/div>\n\t\t\t\t\t<\/div>\n\t\t<\/section>\n\t\t\t\t\t\t<\/div>\n\t\t\t\t\t\t<\/div>\n\t\t\t\t\t<\/div>\n\t\t","protected":false},"excerpt":{"rendered":"<p>. VINOS Y BODEGAS Nuestro clima de abundantes d\u00edas de sol a lo largo de todo el a\u00f1o y temperaturas favorables a la maduraci\u00f3n de la uva, hacen de nuestra tierra un lugar ideal para el cultivo de la vid y la producci\u00f3n de una gran variedad de vinos de diferentes sabores, aromas y colores. [&hellip;]<\/p>\n","protected":false},"author":2,"featured_media":0,"parent":0,"menu_order":0,"comment_status":"closed","ping_status":"closed","template":"","meta":[],"_links":{"self":[{"href":"https:\/\/sanrafaelbureau.com\/index.php\/wp-json\/wp\/v2\/pages\/906"}],"collection":[{"href":"https:\/\/sanrafaelbureau.com\/index.php\/wp-json\/wp\/v2\/pages"}],"about":[{"href":"https:\/\/sanrafaelbureau.com\/index.php\/wp-json\/wp\/v2\/types\/page"}],"author":[{"embeddable":true,"href":"https:\/\/sanrafaelbureau.com\/index.php\/wp-json\/wp\/v2\/users\/2"}],"replies":[{"embeddable":true,"href":"https:\/\/sanrafaelbureau.com\/index.php\/wp-json\/wp\/v2\/comments?post=906"}],"version-history":[{"count":6,"href":"https:\/\/sanrafaelbureau.com\/index.php\/wp-json\/wp\/v2\/pages\/906\/revisions"}],"predecessor-version":[{"id":1134,"href":"https:\/\/sanrafaelbureau.com\/index.php\/wp-json\/wp\/v2\/pages\/906\/revisions\/1134"}],"wp:attachment":[{"href":"https:\/\/sanrafaelbureau.com\/index.php\/wp-json\/wp\/v2\/media?parent=906"}],"curies":[{"name":"wp","href":"https:\/\/api.w.org\/{rel}","templated":true}]}}