{"id":966,"date":"2019-04-01T19:24:02","date_gmt":"2019-04-01T22:24:02","guid":{"rendered":"http:\/\/sanrafaelbureau.com\/?page_id=966"},"modified":"2019-04-15T11:41:18","modified_gmt":"2019-04-15T14:41:18","slug":"turismo-de-incentivos","status":"publish","type":"page","link":"https:\/\/sanrafaelbureau.com\/index.php\/turismo-de-incentivos\/","title":{"rendered":"Turismo de Incentivos"},"content":{"rendered":"\t\t<div data-elementor-type=\"wp-post\" data-elementor-id=\"966\" class=\"elementor elementor-966\" data-elementor-settings=\"[]\">\n\t\t\t\t\t\t<div class=\"elementor-inner\">\n\t\t\t\t\t\t\t<div class=\"elementor-section-wrap\">\n\t\t\t\t\t\t\t<section class=\"elementor-section elementor-top-section elementor-element elementor-element-2d024b7 elementor-section-stretched elementor-section-full_width elementor-section-height-default elementor-section-height-default\" data-id=\"2d024b7\" data-element_type=\"section\" data-settings=\"{&quot;stretch_section&quot;:&quot;section-stretched&quot;}\">\n\t\t\t\t\t\t<div class=\"elementor-container elementor-column-gap-default\">\n\t\t\t\t\t\t\t<div class=\"elementor-row\">\n\t\t\t\t\t<div class=\"elementor-column elementor-col-100 elementor-top-column elementor-element elementor-element-645ef9d\" data-id=\"645ef9d\" data-element_type=\"column\">\n\t\t\t<div class=\"elementor-column-wrap elementor-element-populated\">\n\t\t\t\t\t\t\t<div class=\"elementor-widget-wrap\">\n\t\t\t\t\t\t<div class=\"elementor-element elementor-element-15df9cb elementor-widget elementor-widget-heading\" data-id=\"15df9cb\" data-element_type=\"widget\" data-widget_type=\"heading.default\">\n\t\t\t\t<div class=\"elementor-widget-container\">\n\t\t\t<h2 class=\"elementor-heading-title elementor-size-default\">.<\/h2>\t\t<\/div>\n\t\t\t\t<\/div>\n\t\t\t\t\t\t<\/div>\n\t\t\t\t\t<\/div>\n\t\t<\/div>\n\t\t\t\t\t\t\t\t<\/div>\n\t\t\t\t\t<\/div>\n\t\t<\/section>\n\t\t\t\t<section class=\"elementor-section elementor-top-section elementor-element elementor-element-2dbebf3 elementor-section-boxed elementor-section-height-default elementor-section-height-default\" data-id=\"2dbebf3\" data-element_type=\"section\">\n\t\t\t\t\t\t<div class=\"elementor-container elementor-column-gap-default\">\n\t\t\t\t\t\t\t<div class=\"elementor-row\">\n\t\t\t\t\t<div class=\"elementor-column elementor-col-33 elementor-top-column elementor-element elementor-element-c404966\" data-id=\"c404966\" data-element_type=\"column\">\n\t\t\t<div class=\"elementor-column-wrap elementor-element-populated\">\n\t\t\t\t\t\t\t<div class=\"elementor-widget-wrap\">\n\t\t\t\t\t\t<div class=\"elementor-element elementor-element-1637869 elementor-widget elementor-widget-heading\" data-id=\"1637869\" data-element_type=\"widget\" data-widget_type=\"heading.default\">\n\t\t\t\t<div class=\"elementor-widget-container\">\n\t\t\t<h2 class=\"elementor-heading-title elementor-size-default\">Turismo de Incentivos<\/h2>\t\t<\/div>\n\t\t\t\t<\/div>\n\t\t\t\t\t\t<\/div>\n\t\t\t\t\t<\/div>\n\t\t<\/div>\n\t\t\t\t<div class=\"elementor-column elementor-col-66 elementor-top-column elementor-element elementor-element-724aba4\" data-id=\"724aba4\" data-element_type=\"column\">\n\t\t\t<div class=\"elementor-column-wrap elementor-element-populated\">\n\t\t\t\t\t\t\t<div class=\"elementor-widget-wrap\">\n\t\t\t\t\t\t<div class=\"elementor-element elementor-element-ffe66c7 elementor-widget elementor-widget-text-editor\" data-id=\"ffe66c7\" data-element_type=\"widget\" data-widget_type=\"text-editor.default\">\n\t\t\t\t<div class=\"elementor-widget-container\">\n\t\t\t\t\t\t\t\t<div class=\"elementor-text-editor elementor-clearfix\">\n\t\t\t\t\t<p><br \/>Los viajes de incentivo generan beneficios y valor agregado, motivan y mejoran sustancialmente el desempe\u00f1o profesional. San Rafael combina sus sedes con un entorno natural que predispone para el desarrollo de esta actividad. Su naturaleza y la diversidad de los deportes de aventura que se pueden realizar en este destino permiten vivir experiencias \u00fanicas. Actividades desde originales hasta divertidas, en un entorno de extrema belleza natural. Tambi\u00e9n San Rafael es un destino apto para ser sede de eventos deportivos. Sus geograf\u00eda permite el desarrollo de esta actividad y la posibilidad de combinar todas las opciones, lagos; r\u00edos, monta\u00f1as.<\/p>\t\t\t\t\t<\/div>\n\t\t\t\t\t\t<\/div>\n\t\t\t\t<\/div>\n\t\t\t\t\t\t<\/div>\n\t\t\t\t\t<\/div>\n\t\t<\/div>\n\t\t\t\t\t\t\t\t<\/div>\n\t\t\t\t\t<\/div>\n\t\t<\/section>\n\t\t\t\t<section class=\"elementor-section elementor-top-section elementor-element elementor-element-2dba83f elementor-section-boxed elementor-section-height-default elementor-section-height-default\" data-id=\"2dba83f\" data-element_type=\"section\">\n\t\t\t\t\t\t<div class=\"elementor-container elementor-column-gap-default\">\n\t\t\t\t\t\t\t<div class=\"elementor-row\">\n\t\t\t\t\t<div class=\"elementor-column elementor-col-100 elementor-top-column elementor-element elementor-element-336322f\" data-id=\"336322f\" data-element_type=\"column\">\n\t\t\t<div class=\"elementor-column-wrap elementor-element-populated\">\n\t\t\t\t\t\t\t<div class=\"elementor-widget-wrap\">\n\t\t\t\t\t\t<div class=\"elementor-element elementor-element-2f74f46 elementor-widget-divider--view-line elementor-widget elementor-widget-divider\" data-id=\"2f74f46\" data-element_type=\"widget\" data-widget_type=\"divider.default\">\n\t\t\t\t<div class=\"elementor-widget-container\">\n\t\t\t\t\t<div class=\"elementor-divider\">\n\t\t\t<span class=\"elementor-divider-separator\">\n\t\t\t\t\t\t<\/span>\n\t\t<\/div>\n\t\t\t\t<\/div>\n\t\t\t\t<\/div>\n\t\t\t\t\t\t<\/div>\n\t\t\t\t\t<\/div>\n\t\t<\/div>\n\t\t\t\t\t\t\t\t<\/div>\n\t\t\t\t\t<\/div>\n\t\t<\/section>\n\t\t\t\t<section class=\"elementor-section elementor-top-section elementor-element elementor-element-5aa9750 elementor-section-boxed elementor-section-height-default elementor-section-height-default\" data-id=\"5aa9750\" data-element_type=\"section\">\n\t\t\t\t\t\t<div class=\"elementor-container elementor-column-gap-default\">\n\t\t\t\t\t\t\t<div class=\"elementor-row\">\n\t\t\t\t\t<div class=\"elementor-column elementor-col-33 elementor-top-column elementor-element elementor-element-1547a22\" data-id=\"1547a22\" data-element_type=\"column\">\n\t\t\t<div class=\"elementor-column-wrap\">\n\t\t\t\t\t\t\t<div class=\"elementor-widget-wrap\">\n\t\t\t\t\t\t\t\t<\/div>\n\t\t\t\t\t<\/div>\n\t\t<\/div>\n\t\t\t\t<div class=\"elementor-column elementor-col-66 elementor-top-column elementor-element elementor-element-c8a125e\" data-id=\"c8a125e\" data-element_type=\"column\">\n\t\t\t<div class=\"elementor-column-wrap elementor-element-populated\">\n\t\t\t\t\t\t\t<div class=\"elementor-widget-wrap\">\n\t\t\t\t\t\t<div class=\"elementor-element elementor-element-45f17ba elementor-widget elementor-widget-image-gallery\" data-id=\"45f17ba\" data-element_type=\"widget\" data-widget_type=\"image-gallery.default\">\n\t\t\t\t<div class=\"elementor-widget-container\">\n\t\t\t\t\t<div class=\"elementor-image-gallery\">\n\t\t\t<div id='gallery-1' class='gallery galleryid-966 gallery-columns-4 gallery-size-thumbnail'><figure class='gallery-item'>\n\t\t\t<div class='gallery-icon landscape'>\n\t\t\t\t<a data-elementor-open-lightbox=\"yes\" data-elementor-lightbox-slideshow=\"45f17ba\" data-elementor-lightbox-title=\"46801433_2047409361964514_265314685518086144_o\" href='https:\/\/sanrafaelbureau.com\/wp-content\/uploads\/2019\/04\/46801433_2047409361964514_265314685518086144_o.jpg'><img width=\"150\" height=\"150\" src=\"https:\/\/sanrafaelbureau.com\/wp-content\/uploads\/2019\/04\/46801433_2047409361964514_265314685518086144_o-150x150.jpg\" class=\"attachment-thumbnail size-thumbnail\" alt=\"\" loading=\"lazy\" \/><\/a>\n\t\t\t<\/div><\/figure><figure class='gallery-item'>\n\t\t\t<div class='gallery-icon landscape'>\n\t\t\t\t<a data-elementor-open-lightbox=\"yes\" data-elementor-lightbox-slideshow=\"45f17ba\" data-elementor-lightbox-title=\"46652388_2046886322016818_7131148670740725760_o\" href='https:\/\/sanrafaelbureau.com\/wp-content\/uploads\/2019\/04\/46652388_2046886322016818_7131148670740725760_o.jpg'><img width=\"150\" height=\"150\" src=\"https:\/\/sanrafaelbureau.com\/wp-content\/uploads\/2019\/04\/46652388_2046886322016818_7131148670740725760_o-150x150.jpg\" class=\"attachment-thumbnail size-thumbnail\" alt=\"\" loading=\"lazy\" \/><\/a>\n\t\t\t<\/div><\/figure><figure class='gallery-item'>\n\t\t\t<div class='gallery-icon landscape'>\n\t\t\t\t<a data-elementor-open-lightbox=\"yes\" data-elementor-lightbox-slideshow=\"45f17ba\" data-elementor-lightbox-title=\"46757626_2047439961961454_7796241003819565056_o\" href='https:\/\/sanrafaelbureau.com\/wp-content\/uploads\/2019\/04\/46757626_2047439961961454_7796241003819565056_o.jpg'><img width=\"150\" height=\"150\" src=\"https:\/\/sanrafaelbureau.com\/wp-content\/uploads\/2019\/04\/46757626_2047439961961454_7796241003819565056_o-150x150.jpg\" class=\"attachment-thumbnail size-thumbnail\" alt=\"\" loading=\"lazy\" \/><\/a>\n\t\t\t<\/div><\/figure><figure class='gallery-item'>\n\t\t\t<div class='gallery-icon landscape'>\n\t\t\t\t<a data-elementor-open-lightbox=\"yes\" data-elementor-lightbox-slideshow=\"45f17ba\" data-elementor-lightbox-title=\"46774717_2047439298628187_2329220945702551552_o\" href='https:\/\/sanrafaelbureau.com\/wp-content\/uploads\/2019\/04\/46774717_2047439298628187_2329220945702551552_o.jpg'><img width=\"150\" height=\"150\" src=\"https:\/\/sanrafaelbureau.com\/wp-content\/uploads\/2019\/04\/46774717_2047439298628187_2329220945702551552_o-150x150.jpg\" class=\"attachment-thumbnail size-thumbnail\" alt=\"\" loading=\"lazy\" \/><\/a>\n\t\t\t<\/div><\/figure>\n\t\t<\/div>\n\t\t<\/div>\n\t\t\t\t<\/div>\n\t\t\t\t<\/div>\n\t\t\t\t\t\t<\/div>\n\t\t\t\t\t<\/div>\n\t\t<\/div>\n\t\t\t\t\t\t\t\t<\/div>\n\t\t\t\t\t<\/div>\n\t\t<\/section>\n\t\t\t\t\t\t<\/div>\n\t\t\t\t\t\t<\/div>\n\t\t\t\t\t<\/div>\n\t\t","protected":false},"excerpt":{"rendered":"<p>. Turismo de Incentivos Los viajes de incentivo generan beneficios y valor agregado, motivan y mejoran sustancialmente el desempe\u00f1o profesional. San Rafael combina sus sedes con un entorno natural que predispone para el desarrollo de esta actividad. Su naturaleza y la diversidad de los deportes de aventura que se pueden realizar en este destino permiten [&hellip;]<\/p>\n","protected":false},"author":2,"featured_media":0,"parent":0,"menu_order":0,"comment_status":"closed","ping_status":"closed","template":"","meta":[],"_links":{"self":[{"href":"https:\/\/sanrafaelbureau.com\/index.php\/wp-json\/wp\/v2\/pages\/966"}],"collection":[{"href":"https:\/\/sanrafaelbureau.com\/index.php\/wp-json\/wp\/v2\/pages"}],"about":[{"href":"https:\/\/sanrafaelbureau.com\/index.php\/wp-json\/wp\/v2\/types\/page"}],"author":[{"embeddable":true,"href":"https:\/\/sanrafaelbureau.com\/index.php\/wp-json\/wp\/v2\/users\/2"}],"replies":[{"embeddable":true,"href":"https:\/\/sanrafaelbureau.com\/index.php\/wp-json\/wp\/v2\/comments?post=966"}],"version-history":[{"count":5,"href":"https:\/\/sanrafaelbureau.com\/index.php\/wp-json\/wp\/v2\/pages\/966\/revisions"}],"predecessor-version":[{"id":1149,"href":"https:\/\/sanrafaelbureau.com\/index.php\/wp-json\/wp\/v2\/pages\/966\/revisions\/1149"}],"wp:attachment":[{"href":"https:\/\/sanrafaelbureau.com\/index.php\/wp-json\/wp\/v2\/media?parent=966"}],"curies":[{"name":"wp","href":"https:\/\/api.w.org\/{rel}","templated":true}]}}